{"id":903,"date":"2023-02-01T14:18:33","date_gmt":"2023-02-01T13:18:33","guid":{"rendered":"https:\/\/tubedrill.no\/om\/"},"modified":"2025-10-07T12:09:42","modified_gmt":"2025-10-07T10:09:42","slug":"about","status":"publish","type":"page","link":"https:\/\/tubedrill.no\/en\/about\/","title":{"rendered":"About us"},"content":{"rendered":"<p>[et_pb_section fb_built=&#8221;1&#8243; custom_padding_last_edited=&#8221;on|desktop&#8221; _builder_version=&#8221;4.20.0&#8243; _module_preset=&#8221;de25397d-eaf2-456b-8aeb-357ca760fe7f&#8221; background_image=&#8221;https:\/\/tubedrill.no\/wp-content\/uploads\/2023\/01\/tubedrill-vidvinkel-DSC00039-scaled.jpg&#8221; custom_padding_tablet=&#8221;&#8221; custom_padding_phone=&#8221;150px||90px||false|false&#8221; border_color_bottom=&#8221;gcid-96f1bb85-8cce-4a70-bb5d-1cede5f340f7&#8243; global_colors_info=&#8221;{%22gcid-96f1bb85-8cce-4a70-bb5d-1cede5f340f7%22:%91%22border_color_bottom%22%93}&#8221;][et_pb_row _builder_version=&#8221;4.19.5&#8243; _module_preset=&#8221;default&#8221; width=&#8221;90%&#8221; max_width=&#8221;1190px&#8221; custom_margin=&#8221;0px||0px||false|false&#8221; custom_padding=&#8221;0px||0px||false|false&#8221; animation_style=&#8221;flip&#8221; animation_direction=&#8221;top&#8221; animation_duration=&#8221;1300ms&#8221; animation_speed_curve=&#8221;ease&#8221; scroll_scaling=&#8221;0|50|50|100|70|100|100%&#8221; global_colors_info=&#8221;{}&#8221;][et_pb_column type=&#8221;4_4&#8243; _builder_version=&#8221;4.19.4&#8243; _module_preset=&#8221;default&#8221; global_colors_info=&#8221;{}&#8221;][et_pb_text _builder_version=&#8221;4.19.5&#8243; _module_preset=&#8221;ea55a2f0-96b6-4cf3-b427-71d4248e80b0&#8243; header_3_text_align=&#8221;center&#8221; header_3_text_shadow_style=&#8221;preset2&#8243; global_colors_info=&#8221;{%22gcid-c3134b48-bc13-4528-94b7-a880c5bb1498%22:%91%22header_3_text_color%22%93}&#8221;]<\/p>\n<h3>Tubedrill<\/h3>\n<p>[\/et_pb_text][et_pb_text _builder_version=&#8221;4.19.5&#8243; _module_preset=&#8221;default&#8221; header_font=&#8221;Outfit|900|||||||&#8221; header_text_align=&#8221;center&#8221; header_text_color=&#8221;#FFFFFF&#8221; header_font_size=&#8221;90px&#8221; header_letter_spacing=&#8221;3px&#8221; header_line_height=&#8221;100px&#8221; custom_margin=&#8221;0px||16px||false|false&#8221; custom_padding=&#8221;0px||0px||false|false&#8221; header_font_size_tablet=&#8221;76px&#8221; header_font_size_phone=&#8221;48px&#8221; header_font_size_last_edited=&#8221;on|tablet&#8221; header_text_shadow_style=&#8221;preset2&#8243; header_text_shadow_color=&#8221;rgba(0,0,0,0.2)&#8221; global_colors_info=&#8221;{}&#8221;]<\/p>\n<h1>About us<\/h1>\n<p>[\/et_pb_text][et_pb_code admin_label=&#8221;inline-button code&#8221; _builder_version=&#8221;4.19.4&#8243; _module_preset=&#8221;default&#8221; custom_margin=&#8221;0px||0px||false|false&#8221; custom_padding=&#8221;0px||0px||false|false&#8221; global_colors_info=&#8221;{}&#8221;]<\/p>\n<style><!-- [et_pb_line_break_holder] -->  .construction-17-inlbtn<!-- [et_pb_line_break_holder] -->.et_pb_button_module_wrapper {<!-- [et_pb_line_break_holder] -->display: inline-block;<!-- [et_pb_line_break_holder] -->}<!-- [et_pb_line_break_holder] --><!-- [et_pb_line_break_holder] --><\/style>\n<p>[\/et_pb_code][\/et_pb_column][\/et_pb_row][\/et_pb_section][et_pb_section fb_built=&#8221;1&#8243; _builder_version=&#8221;4.20.0&#8243; _module_preset=&#8221;b4177db7-f259-4fd6-bdb5-57ecba3d5b08&#8243; background_enable_image=&#8221;off&#8221; background_pattern_repeat_origin=&#8221;center&#8221; global_colors_info=&#8221;{}&#8221;][et_pb_row column_structure=&#8221;1_2,1_2&#8243; _builder_version=&#8221;4.19.5&#8243; _module_preset=&#8221;default&#8221; animation_style=&#8221;fade&#8221; animation_duration=&#8221;1100ms&#8221; animation_delay=&#8221;200ms&#8221; global_colors_info=&#8221;{}&#8221;][et_pb_column type=&#8221;1_2&#8243; _builder_version=&#8221;4.19.5&#8243; _module_preset=&#8221;default&#8221; global_colors_info=&#8221;{}&#8221;][et_pb_text _builder_version=&#8221;4.20.0&#8243; _module_preset=&#8221;default&#8221; header_text_color=&#8221;gcid-4382c4a5-7ccb-4ff2-9e57-2620788f4f2b&#8221; header_2_font=&#8221;Outfit|900|||||||&#8221; header_2_text_align=&#8221;left&#8221; header_2_font_size=&#8221;60px&#8221; header_2_line_height=&#8221;1.2em&#8221; header_2_font_size_tablet=&#8221;52px&#8221; header_2_font_size_phone=&#8221;34px&#8221; header_2_font_size_last_edited=&#8221;on|desktop&#8221; global_colors_info=&#8221;{%22gcid-4382c4a5-7ccb-4ff2-9e57-2620788f4f2b%22:%91%22header_text_color%22%93,%22gcid-96f1bb85-8cce-4a70-bb5d-1cede5f340f7%22:%91%22header_2_text_color%22%93}&#8221;]<\/p>\n<h2>It&#8217;s just a hole \u2026<br \/>\n Or is it?<\/h2>\n<p>[\/et_pb_text][et_pb_text _builder_version=&#8221;4.20.0&#8243; _module_preset=&#8221;557e9c08-e1bd-4192-ac5b-54093d4c030f&#8221; global_colors_info=&#8221;{%22gcid-96f1bb85-8cce-4a70-bb5d-1cede5f340f7%22:%91%22text_text_color%22%93}&#8221;]<\/p>\n<p>Tubedrill started up in 2010. Our hole-y goal was, and still is, to be the best at drilling round steel bars. We are a group of cheerful and dedicated employees based in N\u00e6rb\u00f8, right in the middle of the flat and fertile J\u00e6ren plain, and we keep growing.<\/p>\n<p>[\/et_pb_text][et_pb_text _builder_version=&#8221;4.20.0&#8243; _module_preset=&#8221;default&#8221; global_colors_info=&#8221;{}&#8221;]<\/p>\n<p>The lack of delivery capability was among reasons why we started our own business. We noticed a gap in the system and an opportunity to fill it. Today, we are unique in what we do, both in terms of services and delivery. While deliveries from abroad can take months, we deliver within 8-15 working days.<\/p>\n<p>After mastering various challenges in drilling over several years, the time had come to deliver holes with even finer tolerances and surfaces. Therefore, in 2017, we expanded our machine park to also include a honing machine. So far, things have gone smoothly, and we are gearing up for even bigger expansions in the future.<\/p>\n<p>We ensure you our short delivery time does not mean we compromise with quality. When we start drilling, it all comes down to precision. Perfection and quality go hand in hand and are great passions of ours.<\/p>\n<p>[\/et_pb_text][et_pb_button button_url=&#8221;@ET-DC@eyJkeW5hbWljIjp0cnVlLCJjb250ZW50IjoicG9zdF9saW5rX3VybF9wYWdlIiwic2V0dGluZ3MiOnsicG9zdF9pZCI6IjE3OCJ9fQ==@&#8221; button_text=&#8221;Contact us&#8221; _builder_version=&#8221;4.20.0&#8243; _dynamic_attributes=&#8221;button_url&#8221; _module_preset=&#8221;default&#8221; custom_margin=&#8221;50px||||false|false&#8221; global_colors_info=&#8221;{}&#8221;][\/et_pb_button][\/et_pb_column][et_pb_column type=&#8221;1_2&#8243; _builder_version=&#8221;4.19.5&#8243; _module_preset=&#8221;default&#8221; global_colors_info=&#8221;{}&#8221;][et_pb_cta _builder_version=&#8221;4.20.0&#8243; _module_preset=&#8221;ec84fe28-e325-45d5-8a09-2252afbb6d1d&#8221; background_image=&#8221;https:\/\/tubedrill.no\/wp-content\/uploads\/2023\/01\/tubedrill-1-DSC00074-3-scaled.jpg&#8221; global_colors_info=&#8221;{}&#8221;][\/et_pb_cta][\/et_pb_column][\/et_pb_row][\/et_pb_section][et_pb_section fb_built=&#8221;1&#8243; custom_padding_last_edited=&#8221;on|phone&#8221; _builder_version=&#8221;4.19.5&#8243; _module_preset=&#8221;default&#8221; background_color=&#8221;gcid-4382c4a5-7ccb-4ff2-9e57-2620788f4f2b&#8221; background_image=&#8221;https:\/\/tubedrill.no\/wp-content\/uploads\/2023\/02\/tubedrill_grafikk_01_hvit_05.svg&#8221; custom_margin=&#8221;0px||0px||false|false&#8221; custom_padding=&#8221;120px||120px||false|false&#8221; custom_padding_tablet=&#8221;120px||120px||false|false&#8221; custom_padding_phone=&#8221;90px||90px||false|false&#8221; global_colors_info=&#8221;{%22gcid-4382c4a5-7ccb-4ff2-9e57-2620788f4f2b%22:%91%22background_color%22%93}&#8221;][et_pb_row column_structure=&#8221;1_2,1_2&#8243; _builder_version=&#8221;4.19.5&#8243; _module_preset=&#8221;default&#8221; max_width_tablet=&#8221;390px&#8221; max_width_phone=&#8221;390px&#8221; max_width_last_edited=&#8221;off|desktop&#8221; global_colors_info=&#8221;{}&#8221;][et_pb_column type=&#8221;1_2&#8243; _builder_version=&#8221;4.19.5&#8243; _module_preset=&#8221;default&#8221; background_enable_color=&#8221;off&#8221; animation_style=&#8221;flip&#8221; animation_direction=&#8221;top&#8221; animation_duration=&#8221;1100ms&#8221; animation_delay=&#8221;200ms&#8221; animation_speed_curve=&#8221;ease&#8221; border_radii=&#8221;on|10px|10px|10px|10px&#8221; border_radii_tablet=&#8221;off|10px|10px||0px&#8221; border_radii_phone=&#8221;off|10px|10px||0px&#8221; border_radii_last_edited=&#8221;on|tablet&#8221; global_colors_info=&#8221;{}&#8221;][et_pb_text _builder_version=&#8221;4.20.0&#8243; _module_preset=&#8221;ea55a2f0-96b6-4cf3-b427-71d4248e80b0&#8243; header_3_text_color=&#8221;gcid-9571d17b-0f05-4a65-a08f-34de8cfc50ce&#8221; custom_margin=&#8221;0px||10px||false|false&#8221; global_colors_info=&#8221;{%22gcid-9571d17b-0f05-4a65-a08f-34de8cfc50ce%22:%91%22header_3_text_color%22%93}&#8221;]<\/p>\n<h3>Sponsorships<\/h3>\n<p>[\/et_pb_text][et_pb_text _builder_version=&#8221;4.20.0&#8243; _dynamic_attributes=&#8221;link_option_url&#8221; _module_preset=&#8221;default&#8221; link_text_color=&#8221;#FFFFFF&#8221; header_2_font=&#8221;Outfit|900|||||||&#8221; header_2_text_color=&#8221;#FFFFFF&#8221; header_2_font_size=&#8221;57px&#8221; header_2_letter_spacing=&#8221;2px&#8221; header_2_line_height=&#8221;1.1em&#8221; link_option_url=&#8221;@ET-DC@eyJkeW5hbWljIjp0cnVlLCJjb250ZW50IjoicG9zdF9saW5rX3VybF9wYWdlIiwic2V0dGluZ3MiOnsicG9zdF9pZCI6IjE2MyJ9fQ==@&#8221; header_2_font_size_tablet=&#8221;57px&#8221; header_2_font_size_phone=&#8221;30px&#8221; header_2_font_size_last_edited=&#8221;on|phone&#8221; global_colors_info=&#8221;{}&#8221; link_text_color__hover_enabled=&#8221;on|desktop&#8221; link_text_color__hover=&#8221;#F16813&#8243;]<\/p>\n<h2>We are Proud supporters of the local community<\/h2>\n<p>[\/et_pb_text][et_pb_text _builder_version=&#8221;4.20.0&#8243; _module_preset=&#8221;default&#8221; text_text_color=&#8221;#cccccc&#8221; max_width=&#8221;1000px&#8221; module_alignment=&#8221;center&#8221; custom_margin_tablet=&#8221;0px||20px||false|false&#8221; custom_margin_phone=&#8221;0px||20px||false|false&#8221; custom_margin_last_edited=&#8221;off|desktop&#8221; global_colors_info=&#8221;{%22gcid-96f1bb85-8cce-4a70-bb5d-1cede5f340f7%22:%91%22header_2_text_color%22,%22header_2_text_color%22,%22header_2_text_color%22,%22header_2_text_color%22%93}&#8221;]<\/p>\n<p>In addition to being passionately dedicated to drilling holes, we also take great pleasure in engaging with the local community here in J\u00e6ren.<\/p>\n<p>We care for many, especially youth sport teams. We want to contribute to enabling teams and organizations so they can continue to provide activities for children and youth, creating good and safe environments.<\/p>\n<p>[\/et_pb_text][\/et_pb_column][et_pb_column type=&#8221;1_2&#8243; _builder_version=&#8221;4.19.5&#8243; _module_preset=&#8221;default&#8221; background_color=&#8221;#FFFFFF&#8221; custom_padding=&#8221;40px|40px|40px|40px|false|false&#8221; animation_style=&#8221;flip&#8221; animation_direction=&#8221;top&#8221; animation_duration=&#8221;1100ms&#8221; animation_delay=&#8221;200ms&#8221; animation_speed_curve=&#8221;ease&#8221; border_radii=&#8221;on|10px|10px|10px|10px&#8221; border_radii_tablet=&#8221;off||0px|10px|10px&#8221; border_radii_phone=&#8221;off||0px|10px|10px&#8221; border_radii_last_edited=&#8221;on|desktop&#8221; global_colors_info=&#8221;{}&#8221;][et_pb_text _builder_version=&#8221;4.20.0&#8243; _module_preset=&#8221;default&#8221; link_text_color=&#8221;gcid-96f1bb85-8cce-4a70-bb5d-1cede5f340f7&#8243; header_3_font=&#8221;Outfit|900|||||||&#8221; header_3_text_align=&#8221;left&#8221; header_3_text_color=&#8221;gcid-9571d17b-0f05-4a65-a08f-34de8cfc50ce&#8221; header_3_font_size=&#8221;24px&#8221; header_3_line_height=&#8221;1.4em&#8221; custom_margin=&#8221;0px||10px||false|false&#8221; custom_padding=&#8221;0px||0px||false|false&#8221; global_colors_info=&#8221;{%22gcid-96f1bb85-8cce-4a70-bb5d-1cede5f340f7%22:%91%22header_2_text_color%22,%22header_2_text_color%22,%22header_2_text_color%22,%22header_2_text_color%22,%22header_2_text_color%22,%22link_text_color%22%93,%22gcid-9571d17b-0f05-4a65-a08f-34de8cfc50ce%22:%91%22link_text_color__hover%22,%22header_3_text_color__hover%22,%22header_3_text_color%22%93}&#8221; link_text_color__hover=&#8221;#f16813&#8243; link_text_color__hover_enabled=&#8221;on|desktop&#8221; header_3_text_color__hover_enabled=&#8221;off|desktop&#8221; header_3_text_color__hover=&#8221;#f16813&#8243;]<\/p>\n<h3>Tubedrill are proud sponsors of:<\/h3>\n<p>[\/et_pb_text][et_pb_text _builder_version=&#8221;4.27.4&#8243; _module_preset=&#8221;default&#8221; text_line_height=&#8221;1.8em&#8221; custom_margin=&#8221;0px||0px||false|false&#8221; custom_padding=&#8221;0px||0px||false|false&#8221; global_colors_info=&#8221;{}&#8221;]<\/p>\n<ul>\n<li>N\u00e6rb\u00f8 IL<\/li>\n<li>Varhaug IL<\/li>\n<li>Vigrestad IK<\/li>\n<li>Klepp IL<\/li>\n<li>\u00c5lg\u00e5rd H\u00e5ndball<\/li>\n<li>J\u00e6ren Golfklubb<\/li>\n<li>Liverpool J\u00e6ren<\/li>\n<li>Lye IL<\/li>\n<li>K\u00e5sen IL<\/li>\n<li>Hognestad IL<\/li>\n<li>Deer Hunting pulling team<\/li>\n<li>Undheim IL<\/li>\n<li>N\u00e6rb\u00f8 Farmers<\/li>\n<li>J\u00e6ren Travklubb<\/li>\n<li class=\"m_174427966618873106MsoListParagraph\">Time Skytterlag<u><\/u><u><\/u><\/li>\n<li class=\"m_174427966618873106MsoListParagraph\">Lura IL<u><\/u><u><\/u><\/li>\n<li class=\"m_174427966618873106MsoListParagraph\">J\u00e6ren Bluesklubb<u><\/u><u><\/u><\/li>\n<li class=\"m_174427966618873106MsoListParagraph\">Ranglerock<\/li>\n<\/ul>\n<p>[\/et_pb_text][\/et_pb_column][\/et_pb_row][\/et_pb_section][et_pb_section fb_built=&#8221;1&#8243; custom_padding_last_edited=&#8221;on|tablet&#8221; _builder_version=&#8221;4.19.5&#8243; _module_preset=&#8221;default&#8221; background_color=&#8221;#F16813&#8243; custom_margin=&#8221;0px||0px||false|false&#8221; custom_padding=&#8221;50px||50px||false|false&#8221; custom_padding_tablet=&#8221;50px||65px||false|false&#8221; custom_padding_phone=&#8221;50px||65px||false|false&#8221; global_module=&#8221;890&#8243; saved_tabs=&#8221;all&#8221; global_colors_info=&#8221;{}&#8221;][et_pb_row column_structure=&#8221;1_2,1_2&#8243; use_custom_gutter=&#8221;on&#8221; gutter_width=&#8221;1&#8243; make_equal=&#8221;on&#8221; _builder_version=&#8221;4.19.5&#8243; _module_preset=&#8221;default&#8221; width=&#8221;90%&#8221; custom_margin=&#8221;0px||0px||false|false&#8221; custom_padding=&#8221;0px||0px||false|false&#8221; global_colors_info=&#8221;{}&#8221;][et_pb_column type=&#8221;1_2&#8243; _builder_version=&#8221;4.19.4&#8243; _module_preset=&#8221;default&#8221; global_colors_info=&#8221;{}&#8221; custom_css_main_element_last_edited=&#8221;on|tablet&#8221; custom_css_main_element_tablet=&#8221;text-align:center;&#8221; custom_css_main_element_phone=&#8221;text-align:center;&#8221;][et_pb_blurb title=&#8221;Do you have a hole-y goal?&#8221; use_icon=&#8221;on&#8221; font_icon=&#8221;&#xe066;||divi||400&#8243; image_icon_width_phone=&#8221;52px&#8221; _builder_version=&#8221;4.20.0&#8243; _module_preset=&#8221;5268ed9f-c79b-4428-8514-80d1ec4d14c4&#8243; image_icon_custom_margin=&#8221;0px|0px|0px||false|false&#8221; header_font_size_phone=&#8221;16px&#8221; global_colors_info=&#8221;{}&#8221; custom_css_blurb_title_phone=&#8221;margin-top:4px;||padding-bottom: 4px;&#8221;]<\/p>\n<p>We&#8217;d love to help.<\/p>\n<p>[\/et_pb_blurb][\/et_pb_column][et_pb_column type=&#8221;1_2&#8243; _builder_version=&#8221;4.19.4&#8243; _module_preset=&#8221;default&#8221; custom_css_main_element=&#8221;margin:auto;&#8221; global_colors_info=&#8221;{}&#8221;][et_pb_button button_url=&#8221;@ET-DC@eyJkeW5hbWljIjp0cnVlLCJjb250ZW50IjoicG9zdF9saW5rX3VybF9wYWdlIiwic2V0dGluZ3MiOnsicG9zdF9pZCI6IjE3OCJ9fQ==@&#8221; button_text=&#8221;Get in touch&#8221; _builder_version=&#8221;4.20.0&#8243; _dynamic_attributes=&#8221;button_url&#8221; _module_preset=&#8221;d962e380-6b40-4ad4-a445-fe920e3bcbf2&#8243; global_colors_info=&#8221;{%22gcid-4382c4a5-7ccb-4ff2-9e57-2620788f4f2b%22:%91%22button_bg_color__hover%22%93}&#8221; button_bg_enable_color__hover=&#8221;on&#8221; button_border_color__hover=&#8221;#110A44&#8243;][\/et_pb_button][\/et_pb_column][\/et_pb_row][\/et_pb_section]<\/p>\n","protected":false},"excerpt":{"rendered":"<p>TubedrillAbout usIt&#8217;s just a hole \u2026 Or is it?Tubedrill started up in 2010. Our hole-y goal was, and still is, to be the best at drilling round steel bars. We are a group of cheerful and dedicated employees based in N\u00e6rb\u00f8, right in the middle of the flat and fertile J\u00e6ren plain, and we keep [&hellip;]<\/p>\n","protected":false},"author":1,"featured_media":674,"parent":0,"menu_order":0,"comment_status":"closed","ping_status":"closed","template":"","meta":{"_et_pb_use_builder":"on","_et_pb_old_content":"","_et_gb_content_width":"","footnotes":""},"class_list":["post-903","page","type-page","status-publish","has-post-thumbnail","hentry"],"_links":{"self":[{"href":"https:\/\/tubedrill.no\/en\/wp-json\/wp\/v2\/pages\/903","targetHints":{"allow":["GET"]}}],"collection":[{"href":"https:\/\/tubedrill.no\/en\/wp-json\/wp\/v2\/pages"}],"about":[{"href":"https:\/\/tubedrill.no\/en\/wp-json\/wp\/v2\/types\/page"}],"author":[{"embeddable":true,"href":"https:\/\/tubedrill.no\/en\/wp-json\/wp\/v2\/users\/1"}],"replies":[{"embeddable":true,"href":"https:\/\/tubedrill.no\/en\/wp-json\/wp\/v2\/comments?post=903"}],"version-history":[{"count":0,"href":"https:\/\/tubedrill.no\/en\/wp-json\/wp\/v2\/pages\/903\/revisions"}],"wp:featuredmedia":[{"embeddable":true,"href":"https:\/\/tubedrill.no\/en\/wp-json\/wp\/v2\/media\/674"}],"wp:attachment":[{"href":"https:\/\/tubedrill.no\/en\/wp-json\/wp\/v2\/media?parent=903"}],"curies":[{"name":"wp","href":"https:\/\/api.w.org\/{rel}","templated":true}]}}